{"id":269114,"date":"2024-12-12T17:07:11","date_gmt":"2024-12-12T17:07:11","guid":{"rendered":"https:\/\/charlysworlds2.adrirodrigoagency3.es\/?page_id=269114"},"modified":"2025-01-10T13:42:08","modified_gmt":"2025-01-10T13:42:08","slug":"quienes-somos","status":"publish","type":"page","link":"https:\/\/charlysworlds2.adrirodrigoagency3.es\/en\/quienes-somos","title":{"rendered":"Quienes somos"},"content":{"rendered":"<p>[et_pb_section fb_built=\u00bb1&#8243; _builder_version=\u00bb4.24.1&#8243; _module_preset=\u00bbdefault\u00bb custom_padding=\u00bb0px||0px||false|false\u00bb da_disable_devices=\u00bboff|off|off\u00bb global_colors_info=\u00bb{}\u00bb da_is_popup=\u00bboff\u00bb da_exit_intent=\u00bboff\u00bb da_has_close=\u00bbon\u00bb da_alt_close=\u00bboff\u00bb da_dark_close=\u00bboff\u00bb da_not_modal=\u00bbon\u00bb da_is_singular=\u00bboff\u00bb da_with_loader=\u00bboff\u00bb da_has_shadow=\u00bbon\u00bb][et_pb_row _builder_version=\u00bb4.24.1&#8243; _module_preset=\u00bbdefault\u00bb width=\u00bb100%\u00bb max_width=\u00bb100%\u00bb custom_padding=\u00bb0px||0px||false|false\u00bb global_colors_info=\u00bb{}\u00bb][et_pb_column type=\u00bb4_4&#8243; _builder_version=\u00bb4.24.1&#8243; _module_preset=\u00bbdefault\u00bb global_colors_info=\u00bb{}\u00bb][et_pb_slider disabled_on=\u00bbon|on|on\u00bb _builder_version=\u00bb4.24.1&#8243; _module_preset=\u00bbdefault\u00bb content_max_width=\u00bb100%\u00bb min_height=\u00bb850px\u00bb height=\u00bb850px\u00bb max_height=\u00bb850px\u00bb custom_padding=\u00bb||||false|false\u00bb disabled=\u00bbon\u00bb global_colors_info=\u00bb{}\u00bb][et_pb_slide heading=\u00bbQuienes somos\u00bb use_bg_overlay=\u00bbon\u00bb _builder_version=\u00bb4.24.1&#8243; _module_preset=\u00bbdefault\u00bb header_level=\u00bbh2&#8243; header_font=\u00bbBlur medium||||||||\u00bb background_enable_color=\u00bboff\u00bb background_image=\u00bbhttps:\/\/charlysworlds2.adrirodrigoagency3.es\/wp-content\/uploads\/2024\/12\/Happyposter-21-scaled.jpg\u00bb background_enable_image=\u00bbon\u00bb background_position=\u00bbbottom_center\u00bb global_colors_info=\u00bb{}\u00bb sticky_transition=\u00bbon\u00bb][\/et_pb_slide][\/et_pb_slider][et_pb_code _builder_version=\u00bb4.24.1&#8243; _module_preset=\u00bbdefault\u00bb global_colors_info=\u00bb{}\u00bb][\/et_pb_code][\/et_pb_column][\/et_pb_row][\/et_pb_section][et_pb_section fb_built=\u00bb1&#8243; module_id=\u00bbabstract-carousel\u00bb _builder_version=\u00bb4.16&#8243; background_enable_image=\u00bboff\u00bb custom_margin=\u00bb||-3px|||\u00bb custom_padding=\u00bb64px|0px|0px|0px|false|false\u00bb da_disable_devices=\u00bboff|off|off\u00bb global_colors_info=\u00bb{}\u00bb da_is_popup=\u00bboff\u00bb da_exit_intent=\u00bboff\u00bb da_has_close=\u00bbon\u00bb da_alt_close=\u00bboff\u00bb da_dark_close=\u00bboff\u00bb da_not_modal=\u00bbon\u00bb da_is_singular=\u00bboff\u00bb da_with_loader=\u00bboff\u00bb da_has_shadow=\u00bbon\u00bb][et_pb_row _builder_version=\u00bb4.16&#8243; _module_preset=\u00bbdefault\u00bb custom_margin=\u00bb0px|auto|0px|auto|false|false\u00bb custom_padding=\u00bb0px||0px||false|false\u00bb animation_style=\u00bbflip\u00bb global_colors_info=\u00bb{}\u00bb][et_pb_column type=\u00bb4_4&#8243; _builder_version=\u00bb4.16&#8243; _module_preset=\u00bbdefault\u00bb global_colors_info=\u00bb{}\u00bb][et_pb_text _builder_version=\u00bb4.24.1&#8243; _module_preset=\u00bbdefault\u00bb text_font=\u00bbBlur medium|300|||||||\u00bb text_text_color=\u00bb#6B6B6B\u00bb text_font_size=\u00bb18px\u00bb text_line_height=\u00bb1.8em\u00bb text_orientation=\u00bbcenter\u00bb custom_margin=\u00bb51px||||false|false\u00bb custom_padding=\u00bb|8%||8%|false|true\u00bb animation_style=\u00bbslide\u00bb animation_direction=\u00bbbottom\u00bb animation_duration=\u00bb1900ms\u00bb animation_intensity_slide=\u00bb4%\u00bb text_font_size_tablet=\u00bb18px\u00bb text_font_size_phone=\u00bb16px\u00bb text_font_size_last_edited=\u00bbon|phone\u00bb locked=\u00bboff\u00bb global_colors_info=\u00bb{}\u00bb]<\/p>\n<p>Happyng nace de la necesidad de crear algo totalmente nuevo y diferente.<\/p>\n<p>Somos un equipo de creadores formado por ilustradores gr\u00e1ficos, directores de arte y creativos publicitarios con muchos premios que avalan nuestra trayectoria profesional.<\/p>\n<p>En Happyng m\u00e1s que fabricantes de personajes somos creadores de emociones, de sue\u00f1os cumplidos o a\u00fan por cumplir\u2026<\/p>\n<p>Te aseguramos que ser\u00e1 una experiencia emocionante, nueva\u2026 y \u00fanica. El amor por lo que hacemos garantiza un resultado inigualable.<\/p>\n<p>[\/et_pb_text][et_pb_text _builder_version=\u00bb4.24.1&#8243; _module_preset=\u00bbdefault\u00bb text_font=\u00bbBlur medium|300|||||||\u00bb text_text_color=\u00bb#6B6B6B\u00bb text_font_size=\u00bb18px\u00bb text_line_height=\u00bb1.8em\u00bb text_orientation=\u00bbcenter\u00bb custom_margin=\u00bb51px||||false|false\u00bb custom_padding=\u00bb|8%||8%|false|true\u00bb animation_style=\u00bbslide\u00bb animation_direction=\u00bbbottom\u00bb animation_duration=\u00bb1900ms\u00bb animation_intensity_slide=\u00bb4%\u00bb text_font_size_tablet=\u00bb18px\u00bb text_font_size_phone=\u00bb16px\u00bb text_font_size_last_edited=\u00bbon|phone\u00bb locked=\u00bboff\u00bb global_colors_info=\u00bb{}\u00bb]<\/p>\n<p>En Happyng, cada proyecto es una obra de arte dise\u00f1ada exclusivamente y personalizada. Nuestro enfoque no se trata solo de ilustrar personajes, sino de plasmar historias, pasiones y momentos que merecen ser inmortalizados.<\/p>\n<p>Trabajamos de cerca contigo para entender tus sue\u00f1os y convertirlos en realidad a trav\u00e9s de dise\u00f1os \u00fanicos que combinan creatividad, innovaci\u00f3n y un profundo amor por lo que hacemos.<\/p>\n<p>Cada pieza que creamos refleja nuestra dedicaci\u00f3n por ofrecerte algo m\u00e1s que un producto: una experiencia inolvidable que te conecte emocionalmente con el arte. En Happyng, tu imaginaci\u00f3n no tiene l\u00edmites, y nosotros estamos aqu\u00ed para darle vida.<\/p>\n<p>[\/et_pb_text][\/et_pb_column][\/et_pb_row][\/et_pb_section][et_pb_section fb_built=\u00bb1&#8243; _builder_version=\u00bb4.24.1&#8243; _module_preset=\u00bbdefault\u00bb da_disable_devices=\u00bboff|off|off\u00bb global_colors_info=\u00bb{}\u00bb da_is_popup=\u00bboff\u00bb da_exit_intent=\u00bboff\u00bb da_has_close=\u00bbon\u00bb da_alt_close=\u00bboff\u00bb da_dark_close=\u00bboff\u00bb da_not_modal=\u00bbon\u00bb da_is_singular=\u00bboff\u00bb da_with_loader=\u00bboff\u00bb da_has_shadow=\u00bbon\u00bb][et_pb_row _builder_version=\u00bb4.24.1&#8243; _module_preset=\u00bbdefault\u00bb width=\u00bb85%\u00bb max_width=\u00bb85%\u00bb custom_margin=\u00bb0px|auto|0px|auto|false|false\u00bb custom_padding=\u00bb0px||0px||false|false\u00bb animation_style=\u00bbflip\u00bb locked=\u00bboff\u00bb global_colors_info=\u00bb{}\u00bb][et_pb_column type=\u00bb4_4&#8243; _builder_version=\u00bb4.16&#8243; _module_preset=\u00bbdefault\u00bb global_colors_info=\u00bb{}\u00bb][et_pb_text admin_label=\u00bbNuestros estilos\u00bb _builder_version=\u00bb4.24.1&#8243; _module_preset=\u00bbdefault\u00bb text_font=\u00bbBlur medium||||||||\u00bb text_text_color=\u00bbgcid-3df84776-ae2d-4e72-9bef-b5ebc6ceeecf\u00bb text_font_size=\u00bb55px\u00bb header_font=\u00bbBlur medium||||||||\u00bb header_text_color=\u00bbgcid-3df84776-ae2d-4e72-9bef-b5ebc6ceeecf\u00bb header_font_size=\u00bb55px\u00bb header_line_height=\u00bb1.7em\u00bb custom_margin=\u00bb17px||19px||false|false\u00bb animation_style=\u00bbfade\u00bb animation_duration=\u00bb2000ms\u00bb text_font_size_tablet=\u00bb55px\u00bb text_font_size_phone=\u00bb45px\u00bb text_font_size_last_edited=\u00bbon|desktop\u00bb text_line_height_tablet=\u00bb\u00bb text_line_height_phone=\u00bb1.2em\u00bb text_line_height_last_edited=\u00bbon|phone\u00bb header_font_size_tablet=\u00bb55px\u00bb header_font_size_phone=\u00bb45px\u00bb header_font_size_last_edited=\u00bbon|phone\u00bb header_line_height_tablet=\u00bb1.7em\u00bb header_line_height_phone=\u00bb1.2em\u00bb header_line_height_last_edited=\u00bbon|tablet\u00bb locked=\u00bboff\u00bb global_colors_info=\u00bb{%22gcid-3df84776-ae2d-4e72-9bef-b5ebc6ceeecf%22:%91%22text_text_color%22,%22header_text_color%22%93}\u00bb]<\/p>\n<h1 style=\"text-align: center;\">Nuestros proyectos<\/h1>\n<p>[\/et_pb_text][\/et_pb_column][\/et_pb_row][et_pb_row use_custom_gutter=\u00bbon\u00bb gutter_width=\u00bb1&#8243; _builder_version=\u00bb4.24.1&#8243; _module_preset=\u00bbdefault\u00bb width=\u00bb85%\u00bb max_width=\u00bb85%\u00bb locked=\u00bboff\u00bb global_colors_info=\u00bb{}\u00bb][et_pb_column type=\u00bb4_4&#8243; _builder_version=\u00bb4.24.1&#8243; _module_preset=\u00bbdefault\u00bb global_colors_info=\u00bb{}\u00bb][et_pb_gallery gallery_ids=\u00bb269098,269097,269094,269092,269088,269086,269072,269073,269074,269083,269084,269085,269080,269071,269070,269069,269066,269065,269076,269062&#8243; posts_number=\u00bb12&#8243; show_title_and_caption=\u00bboff\u00bb zoom_icon_color=\u00bbgcid-bcd7e4a0-2da9-40b6-8497-543581d1475b\u00bb hover_overlay_color=\u00bbrgba(0,0,0,0.45)\u00bb hover_icon=\u00bb&#x54;||divi||400&#8243; _builder_version=\u00bb4.24.1&#8243; _module_preset=\u00bbdefault\u00bb pagination_text_color=\u00bbgcid-8af13662-9ab6-4f40-b4e3-819ad6a24e01&#8243; custom_margin=\u00bb||||false|false\u00bb custom_padding=\u00bb||||false|false\u00bb global_colors_info=\u00bb{%22gcid-bcd7e4a0-2da9-40b6-8497-543581d1475b%22:%91%22zoom_icon_color%22%93,%22gcid-8af13662-9ab6-4f40-b4e3-819ad6a24e01%22:%91%22pagination_text_color%22%93,%22gcid-ba5ae5e0-9b41-4489-a1b3-dd41aaf8adb2%22:%91%22pagination_text_color__hover%22%93}\u00bb pagination_text_color__hover_enabled=\u00bbon|hover\u00bb pagination_text_color__hover=\u00bb#f6a923&#8243;][\/et_pb_gallery][\/et_pb_column][\/et_pb_row][\/et_pb_section]<\/p>\n","protected":false},"excerpt":{"rendered":"<p>Happyng nace de la necesidad de crear algo totalmente nuevo y diferente. Somos un equipo de creadores formado por ilustradores gr\u00e1ficos, directores de arte y creativos publicitarios con muchos premios que avalan nuestra trayectoria profesional. En Happyng m\u00e1s que fabricantes de personajes somos creadores de emociones, de sue\u00f1os cumplidos o a\u00fan por cumplir\u2026 Te [&hellip;]<\/p>\n","protected":false},"author":3,"featured_media":0,"parent":0,"menu_order":0,"comment_status":"closed","ping_status":"closed","template":"","meta":{"_et_pb_use_builder":"on","_et_pb_old_content":"","_et_gb_content_width":"","_joinchat":[],"footnotes":""},"class_list":["post-269114","page","type-page","status-publish","hentry"],"_links":{"self":[{"href":"https:\/\/charlysworlds2.adrirodrigoagency3.es\/en\/wp-json\/wp\/v2\/pages\/269114","targetHints":{"allow":["GET"]}}],"collection":[{"href":"https:\/\/charlysworlds2.adrirodrigoagency3.es\/en\/wp-json\/wp\/v2\/pages"}],"about":[{"href":"https:\/\/charlysworlds2.adrirodrigoagency3.es\/en\/wp-json\/wp\/v2\/types\/page"}],"author":[{"embeddable":true,"href":"https:\/\/charlysworlds2.adrirodrigoagency3.es\/en\/wp-json\/wp\/v2\/users\/3"}],"replies":[{"embeddable":true,"href":"https:\/\/charlysworlds2.adrirodrigoagency3.es\/en\/wp-json\/wp\/v2\/comments?post=269114"}],"version-history":[{"count":17,"href":"https:\/\/charlysworlds2.adrirodrigoagency3.es\/en\/wp-json\/wp\/v2\/pages\/269114\/revisions"}],"predecessor-version":[{"id":269584,"href":"https:\/\/charlysworlds2.adrirodrigoagency3.es\/en\/wp-json\/wp\/v2\/pages\/269114\/revisions\/269584"}],"wp:attachment":[{"href":"https:\/\/charlysworlds2.adrirodrigoagency3.es\/en\/wp-json\/wp\/v2\/media?parent=269114"}],"curies":[{"name":"wp","href":"https:\/\/api.w.org\/{rel}","templated":true}]}}